{"id":584,"date":"2024-02-22T10:30:19","date_gmt":"2024-02-22T10:30:19","guid":{"rendered":"https:\/\/321brand.net\/slora\/politica-de-privacidad\/"},"modified":"2025-07-04T11:17:45","modified_gmt":"2025-07-04T11:17:45","slug":"politica-de-privacidad","status":"publish","type":"page","link":"https:\/\/slorapp.com\/pt-pt\/politica-de-privacidad\/","title":{"rendered":"Pol\u00edtica de privacidad"},"content":{"rendered":"\t\t<div data-elementor-type=\"wp-page\" data-elementor-id=\"584\" class=\"elementor elementor-584 elementor-561\" data-elementor-post-type=\"page\">\n\t\t\t\t<div class=\"elementor-element elementor-element-0d15511 e-flex e-con-boxed e-con e-child\" data-id=\"0d15511\" data-element_type=\"container\" data-e-type=\"container\">\n\t\t\t\t\t<div class=\"e-con-inner\">\n\t\t<div class=\"elementor-element elementor-element-049cd2f e-flex e-con-boxed e-con e-child\" data-id=\"049cd2f\" data-element_type=\"container\" data-e-type=\"container\">\n\t\t\t\t\t<div class=\"e-con-inner\">\n\t\t\t\t<div class=\"elementor-element elementor-element-075fca1 elementor-widget elementor-widget-image\" data-id=\"075fca1\" data-element_type=\"widget\" data-e-type=\"widget\" data-widget_type=\"image.default\">\n\t\t\t\t<div class=\"elementor-widget-container\">\n\t\t\t\t\t\t\t\t\t\t\t\t\t\t\t\t<a href=\"https:\/\/slorapp.com\/en\/\">\n\t\t\t\t\t\t\t<img decoding=\"async\" src=\"https:\/\/slorapp.com\/wp-content\/uploads\/2024\/05\/slora-logo-usa.svg\" class=\"attachment-full size-full wp-image-1339\" alt=\"\" \/>\t\t\t\t\t\t\t\t<\/a>\n\t\t\t\t\t\t\t\t\t\t\t\t\t\t\t<\/div>\n\t\t\t\t<\/div>\n\t\t\t\t<div class=\"elementor-element elementor-element-8af89f1 elementor-widget elementor-widget-spacer\" data-id=\"8af89f1\" data-element_type=\"widget\" data-e-type=\"widget\" data-widget_type=\"spacer.default\">\n\t\t\t\t<div class=\"elementor-widget-container\">\n\t\t\t\t\t\t\t<div class=\"elementor-spacer\">\n\t\t\t<div class=\"elementor-spacer-inner\"><\/div>\n\t\t<\/div>\n\t\t\t\t\t\t<\/div>\n\t\t\t\t<\/div>\n\t\t\t\t<div class=\"elementor-element elementor-element-c8c4b48 elementor-widget elementor-widget-heading\" data-id=\"c8c4b48\" data-element_type=\"widget\" data-e-type=\"widget\" data-widget_type=\"heading.default\">\n\t\t\t\t<div class=\"elementor-widget-container\">\n\t\t\t\t\t<h1 class=\"elementor-heading-title elementor-size-default\">Pol\u00edtica de privacidad<\/h1>\t\t\t\t<\/div>\n\t\t\t\t<\/div>\n\t\t\t\t\t<\/div>\n\t\t\t\t<\/div>\n\t\t\t\t\t<\/div>\n\t\t\t\t<\/div>\n\t\t<div class=\"elementor-element elementor-element-1d43e36f e-flex e-con-boxed e-con e-parent\" data-id=\"1d43e36f\" data-element_type=\"container\" data-e-type=\"container\">\n\t\t\t\t\t<div class=\"e-con-inner\">\n\t\t\t\t<div class=\"elementor-element elementor-element-7f8d05cb elementor-widget elementor-widget-text-editor\" data-id=\"7f8d05cb\" data-element_type=\"widget\" data-e-type=\"widget\" data-widget_type=\"text-editor.default\">\n\t\t\t\t<div class=\"elementor-widget-container\">\n\t\t\t\t\t\t\t\t\t\n<p>[\u00daLTIMA ACTUALIZACI\u00d3N: 25 de junio de 2020]<\/p>\n\n\n\n<p>Bluetoll LLC (&#8220;Bluetoll&#8221; o &#8220;nosotros&#8221;), una filial de Globalvia Inversiones SAU (&#8220;Globalvia&#8221;), respeta su privacidad. Esta Pol\u00edtica de Privacidad (la &#8220;Pol\u00edtica&#8221;) se aplica a nuestra aplicaci\u00f3n m\u00f3vil Slora (la &#8220;Aplicaci\u00f3n&#8221;) y a los productos y servicios relacionados que ofrecemos en relaci\u00f3n con la Aplicaci\u00f3n (conjuntamente, los &#8220;Servicios&#8221;). Esta Pol\u00edtica no se aplica a la informaci\u00f3n que usted proporciona o que se recopila a trav\u00e9s de cualquier otra aplicaci\u00f3n m\u00f3vil, sitio web, servicio o producto de Bluetoll.<\/p>\n\n\n\n<p>Esta Pol\u00edtica describe c\u00f3mo recopilamos, usamos y compartimos su informaci\u00f3n personal cuando utiliza los Servicios. Nuestros Servicios tambi\u00e9n est\u00e1n sujetos a nuestros T\u00e9rminos y Condiciones. Al utilizar nuestros Servicios, usted acepta nuestros T\u00e9rminos y Condiciones y las pr\u00e1cticas que se describen en esta Pol\u00edtica. Si no acepta nuestros T\u00e9rminos y Condiciones o las pr\u00e1cticas que se describen en esta Pol\u00edtica, no descargue, acceda ni use la Aplicaci\u00f3n ni nuestros Servicios.<\/p>\n\n\n\n<h3 class=\"wp-block-heading\">Subsidiarias y filiales<\/h3>\n\n\n\n<p>Globalvia es propietaria y dirige Bluetoll LLC, incluidas las aplicaciones m\u00f3viles, los sitios web, los productos y los servicios. Las subsidiarias y filiales de Globalvia incluyen, entre otras, Bluetoll LLC y Openvia USA LLC.<\/p>\n\n\n\n<h3 class=\"wp-block-heading\">Informaci\u00f3n que recopilamos<\/h3>\n\n\n\n<p>Cuando utiliza los Servicios, recopilamos autom\u00e1ticamente varios tipos de informaci\u00f3n personal directamente de usted, por un lado, cuando pasa por ciertas instalaciones de peaje electr\u00f3nico mientras circula (como se describe en los T\u00e9rminos y Condiciones) y, por el otro, cuando usa la Aplicaci\u00f3n.<\/p>\n\n\n\n<p>Cuando descarga, crea una cuenta y utiliza la Aplicaci\u00f3n y los Servicios, recopilamos directamente de usted los tipos de informaci\u00f3n siguientes, entre otros:<\/p>\n\n\n\n<ul>\n<li>Informaci\u00f3n de contacto. Le pediremos datos de contacto como el nombre, la direcci\u00f3n, el n\u00famero de tel\u00e9fono y la direcci\u00f3n de correo electr\u00f3nico.<\/li>\n\n\n\n<li>La informaci\u00f3n que lo identifica, incluido el nombre de usuario (n\u00famero de tel\u00e9fono m\u00f3vil) y la contrase\u00f1a (PIN de seis d\u00edgitos).<\/li>\n\n\n\n<li>Informaci\u00f3n sobre su veh\u00edculo. Le pediremos informaci\u00f3n sobre su veh\u00edculo o que lo identifique, como el n\u00famero de matr\u00edcula.<\/li>\n\n\n\n<li>Informaci\u00f3n de la tarjeta de pago o de la cuenta bancaria. Le pediremos que proporcione un m\u00e9todo de pago, como una tarjeta de cr\u00e9dito o d\u00e9bito o una cuenta bancaria, junto con la informaci\u00f3n de la tarjeta o la cuenta correspondiente.<\/li>\n\n\n\n<li>Informaci\u00f3n proporcionada a trav\u00e9s de &#8220;cont\u00e1ctenos&#8221; o funcionalidades similares; intercambios con nosotros. Cuando se comunique con nosotros, nos haga preguntas o solicite ayuda para resolver problemas con los Servicios, podremos recopilar copias y registros de su contacto o correspondencia con nosotros as\u00ed como informaci\u00f3n sobre su pregunta o problema.<\/li>\n<\/ul>\n\n\n\n<p>Cuando pase por determinadas instalaciones de peaje electr\u00f3nico mientras circule, tal como se describe m\u00e1s adelante en los T\u00e9rminos y Condiciones, podremos recopilar autom\u00e1ticamente los tipos de informaci\u00f3n siguiente a trav\u00e9s del Centro de Atenci\u00f3n al Cliente de E-ZPass, la organizaci\u00f3n que gestiona estas instalaciones de peaje:<\/p>\n\n\n\n<ul>\n<li>informaci\u00f3n sobre el trayecto, incluido el n\u00famero de matr\u00edcula, la ubicaci\u00f3n del veh\u00edculo, el importe del peaje y la fecha y hora del trayecto, recopilada a trav\u00e9s de sistemas electr\u00f3nicos de peaje que detectan el veh\u00edculo fotografiando e identificando la matr\u00edcula.<\/li>\n<\/ul>\n\n\n\n<p>A trav\u00e9s de la Aplicaci\u00f3n, podremos recopilar autom\u00e1ticamente los siguientes tipos de informaci\u00f3n:<\/p>\n\n\n\n<ul>\n<li>Detalles del uso. Cuando use la Aplicaci\u00f3n, podremos recopilar autom\u00e1ticamente informaci\u00f3n sobre c\u00f3mo la utiliza, por ejemplo, estad\u00edsticas sobre el uso.<\/li>\n\n\n\n<li>Informaci\u00f3n del dispositivo. Cuando descargue y utilice la Aplicaci\u00f3n, podremos recopilar autom\u00e1ticamente informaci\u00f3n t\u00e9cnica sobre el dispositivo, como la marca, el sistema operativo y la conexi\u00f3n a Internet que utiliza para acceder a la Aplicaci\u00f3n.<\/li>\n\n\n\n<li>Informaci\u00f3n sobre la ubicaci\u00f3n. Cuando descargue y use la Aplicaci\u00f3n, podremos recopilar autom\u00e1ticamente informaci\u00f3n GPS sobre la ubicaci\u00f3n de su dispositivo m\u00f3vil en tiempo real,<\/li>\n<\/ul>\n\n\n\n<p>que servir\u00e1 como m\u00e9todo de detecci\u00f3n secundario en caso de que un sistema de peaje electr\u00f3nico no haya podido obtener el n\u00famero de matr\u00edcula durante un trayecto.<\/p>\n\n\n\n<h3 class=\"wp-block-heading\">[Cookies y otras tecnolog\u00edas similares]<\/h3>\n\n\n\n<p>Una cookie es un peque\u00f1o archivo de datos que se coloca en el dispositivo m\u00f3vil a trav\u00e9s de la Aplicaci\u00f3n. Podemos usar cookies y tecnolog\u00edas similares para reconocer el dispositivo m\u00f3vil o reconocerlo a usted cuando entre de nuevo en la Aplicaci\u00f3n, para administrarla, saber c\u00f3mo la utilizan los usuarios y mejorarla.<\/p>\n\n\n\n<h3 class=\"wp-block-heading\">C\u00f3mo utilizamos la informaci\u00f3n que recopilamos<\/h3>\n\n\n\n<p>Utilizaremos la informaci\u00f3n que recopilamos sobre usted para los fines para los que la ha proporcionado y de cualquier manera que sea coherente con esta Pol\u00edtica como, por ejemplo:<\/p>\n\n\n\n<ul>\n<li>Para proporcionar la Aplicaci\u00f3n, incluida para crear una cuenta.<\/li>\n\n\n\n<li>Para proporcionar los Servicios, incluido para cargar el m\u00e9todo de pago cuando corresponda en funci\u00f3n del trayecto que haya realizado.<\/li>\n\n\n\n<li>Para proporcionarle informaci\u00f3n y actualizaciones sobre los Servicios y su cuenta.<\/li>\n\n\n\n<li>Para cumplir con nuestras obligaciones y hacer valer nuestros derechos.<\/li>\n\n\n\n<li>Para mejorar nuestros Servicios y la Aplicaci\u00f3n.<\/li>\n\n\n\n<li>Para cumplir con cualquier otro prop\u00f3sito para el cual haya proporcionado la informaci\u00f3n necesaria para que la Aplicaci\u00f3n funcione como se esperaba.<\/li>\n<\/ul>\n\n\n\n<h3 class=\"wp-block-heading\">C\u00f3mo compartimos su informaci\u00f3n<\/h3>\n\n\n\n<p>No compartiremos con terceros con fines de marketing la informaci\u00f3n que recopilamos sobre usted. Sin embargo, podremos divulgar la informaci\u00f3n que recopilamos sobre usted:<\/p>\n\n\n\n<ul>\n<li>A nuestras subsidiarias y filiales.<\/li>\n\n\n\n<li>A nuestros proveedores de servicios y terceros, para ayudar a proporcionar los Servicios, para detectar e identificar cu\u00e1ndo ha pasado por una autopista de la que deba pagar el peaje, para facilitar y procesar los pagos de peaje y para respaldar el funcionamiento de la Aplicaci\u00f3n.<\/li>\n\n\n\n<li>A cualquier comprador o sucesor en el caso de una fusi\u00f3n u otra venta o transferencia de algunos o todos nuestros activos, ya sea como empresa en funcionamiento o como parte de una quiebra, liquidaci\u00f3n o procedimiento similar, cuando su informaci\u00f3n se encuentre entre los activos transferidos.<\/li>\n\n\n\n<li>Para cumplir con cualquier otro prop\u00f3sito para el cual haya proporcionado la informaci\u00f3n para que la Aplicaci\u00f3n funcione como se esperaba.<\/li>\n\n\n\n<li>Para cumplir con cualquier orden judicial, ley o proceso legal, incluso para responder a cualquier solicitud gubernamental o reglamentaria.<\/li>\n\n\n\n<li>Para cumplir con nuestras obligaciones y hacer valer nuestros derechos.<\/li>\n<\/ul>\n\n\n\n<h3 class=\"wp-block-heading\">C\u00f3mo protegemos su informaci\u00f3n<\/h3>\n\n\n\n<p>Tomamos las medidas adecuadas para proteger su informaci\u00f3n personal, incluso frente al acceso o divulgaci\u00f3n no autorizados. Sin embargo, a pesar de estas med<\/p>\n\n\n\n<p>de la informaci\u00f3n personal que se transmite por internet. Usted tambi\u00e9n es responsable de mantener la seguridad y confidencialidad del nombre de usuario y la contrase\u00f1a que usa para la Aplicaci\u00f3n.<\/p>\n\n\n\n<h3 class=\"wp-block-heading\">Seguridad<\/h3>\n\n\n\n<p>Para que los Servicios de la Aplicaci\u00f3n funcionen seg\u00fan lo previsto, durante el proceso de creaci\u00f3n de la cuenta debe introducir los datos de su tarjeta de cr\u00e9dito. Cualquier transacci\u00f3n de tarjeta de cr\u00e9dito con la Aplicaci\u00f3n la gestionan instituciones financieras de terceros y sus proveedores, que reciben un token cifrado del n\u00famero de tarjeta de cr\u00e9dito. La Aplicaci\u00f3n no almacena el n\u00famero completo de la tarjeta de cr\u00e9dito, solo los \u00faltimos cuatro d\u00edgitos para poder identificarla. La informaci\u00f3n que recopila y gestiona la instituci\u00f3n financiera de terceros est\u00e1 sujeta a sus pol\u00edticas de privacidad, que deber\u00eda revisar.<\/p>\n\n\n\n<h3 class=\"wp-block-heading\">Informaci\u00f3n de menores<\/h3>\n\n\n\n<p>Nuestros Servicios no est\u00e1n destinados a menores de 18 a\u00f1os. No recopilamos ni solicitamos a sabiendas informaci\u00f3n personal de menores de 18 a\u00f1os. Si tenemos conocimiento de que alguien menor de 18 a\u00f1os nos ha proporcionado informaci\u00f3n personal a trav\u00e9s de nuestra Aplicaci\u00f3n, tomaremos las medidas razonables para eliminar dicha informaci\u00f3n. Si tiene conocimiento de que alguien menor de 18 a\u00f1os nos ha proporcionado informaci\u00f3n personal a trav\u00e9s de la Aplicaci\u00f3n, p\u00f3ngase en contacto con nosotros utilizando la informaci\u00f3n especificada al final de esta Pol\u00edtica.<\/p>\n\n\n\n<h3 class=\"wp-block-heading\">Cambios en su informaci\u00f3n<\/h3>\n\n\n\n<p>Puede revisar, corregir y realizar cambios en la informaci\u00f3n personal que nos proporciona dentro de la propia Aplicaci\u00f3n.<\/p>\n\n\n\n<h3 class=\"wp-block-heading\">Actualizaciones de esta Pol\u00edtica<\/h3>\n\n\n\n<p>Esta Pol\u00edtica podr\u00e1 actualizarse y publicaremos aqu\u00ed cualquier versi\u00f3n actualizada. La Pol\u00edtica actualizada ser\u00e1 vigente a partir de la fecha de entrada en vigor especificada en la Pol\u00edtica actualizada. Si realizamos cambios sustanciales a esta Pol\u00edtica, le lo notificaremos antes de que la Pol\u00edtica actualizada entre en vigor. Consulte peri\u00f3dicamente este sitio para obtener la versi\u00f3n actualizada. El uso continuado que haga de los Servicios implica que acepta cualquier Pol\u00edtica actualizada.<\/p>\n\n\n\n<h3 class=\"wp-block-heading\">C\u00f3mo contactarnos<\/h3>\n\n\n\n<p>Si tiene alguna pregunta sobre esta Pol\u00edtica, p\u00f3ngase en contacto con nosotros al tel\u00e9fono gratuito 1-833-894-3551 o por correo electr\u00f3nico en info.us@slorapp.com.<\/p>\n\t\t\t\t\t\t\t\t<\/div>\n\t\t\t\t<\/div>\n\t\t\t\t\t<\/div>\n\t\t\t\t<\/div>\n\t\t\t\t<\/div>\n\t\t","protected":false},"excerpt":{"rendered":"<p>Pol\u00edtica de privacidad [\u00daLTIMA ACTUALIZACI\u00d3N: 25 de junio de 2020] Bluetoll LLC (&#8220;Bluetoll&#8221; o &#8220;nosotros&#8221;), una filial de Globalvia Inversiones SAU (&#8220;Globalvia&#8221;), respeta su privacidad. Esta Pol\u00edtica de Privacidad (la &#8220;Pol\u00edtica&#8221;) se aplica a nuestra aplicaci\u00f3n m\u00f3vil Slora (la &#8220;Aplicaci\u00f3n&#8221;) y a los productos y servicios relacionados que ofrecemos en relaci\u00f3n con la Aplicaci\u00f3n (conjuntamente, [&hellip;]<\/p>\n","protected":false},"author":1,"featured_media":0,"parent":0,"menu_order":0,"comment_status":"closed","ping_status":"closed","template":"","meta":{"footnotes":""},"class_list":["post-584","page","type-page","status-publish","hentry"],"yoast_head":"<!-- This site is optimized with the Yoast SEO plugin v27.4 - https:\/\/yoast.com\/product\/yoast-seo-wordpress\/ -->\n<title>Pol\u00edtica de privacidad - Slora by Globalvia<\/title>\n<meta name=\"description\" content=\"Consulta c\u00f3mo Slora recopila, utiliza y protege tus datos personales, cumpliendo con la normativa de privacidad vigente.\" \/>\n<meta name=\"robots\" content=\"index, follow, max-snippet:-1, max-image-preview:large, max-video-preview:-1\" \/>\n<link rel=\"canonical\" href=\"https:\/\/slorapp.com\/pt-pt\/politica-de-privacidad\/\" \/>\n<meta property=\"og:locale\" content=\"pt_PT\" \/>\n<meta property=\"og:type\" content=\"article\" \/>\n<meta property=\"og:title\" content=\"Pol\u00edtica de privacidad - Slora by Globalvia\" \/>\n<meta property=\"og:description\" content=\"Consulta c\u00f3mo Slora recopila, utiliza y protege tus datos personales, cumpliendo con la normativa de privacidad vigente.\" \/>\n<meta property=\"og:url\" content=\"https:\/\/slorapp.com\/pt-pt\/politica-de-privacidad\/\" \/>\n<meta property=\"og:site_name\" content=\"Slora by Globalvia\" \/>\n<meta property=\"article:publisher\" content=\"https:\/\/www.facebook.com\/SloraUSA\" \/>\n<meta property=\"article:modified_time\" content=\"2025-07-04T11:17:45+00:00\" \/>\n<meta property=\"og:image\" content=\"https:\/\/slorapp.com\/wp-content\/uploads\/2024\/05\/slora-logo-usa.svg\" \/>\n<meta name=\"twitter:card\" content=\"summary_large_image\" \/>\n<meta name=\"twitter:label1\" content=\"Tempo estimado de leitura\" \/>\n\t<meta name=\"twitter:data1\" content=\"7 minutos\" \/>\n<script type=\"application\/ld+json\" class=\"yoast-schema-graph\">{\"@context\":\"https:\\\/\\\/schema.org\",\"@graph\":[{\"@type\":\"WebPage\",\"@id\":\"https:\\\/\\\/slorapp.com\\\/pt-pt\\\/politica-de-privacidad\\\/\",\"url\":\"https:\\\/\\\/slorapp.com\\\/pt-pt\\\/politica-de-privacidad\\\/\",\"name\":\"Pol\u00edtica de privacidad - Slora by Globalvia\",\"isPartOf\":{\"@id\":\"https:\\\/\\\/slorapp.com\\\/#website\"},\"primaryImageOfPage\":{\"@id\":\"https:\\\/\\\/slorapp.com\\\/pt-pt\\\/politica-de-privacidad\\\/#primaryimage\"},\"image\":{\"@id\":\"https:\\\/\\\/slorapp.com\\\/pt-pt\\\/politica-de-privacidad\\\/#primaryimage\"},\"thumbnailUrl\":\"https:\\\/\\\/slorapp.com\\\/wp-content\\\/uploads\\\/2024\\\/05\\\/slora-logo-usa.svg\",\"datePublished\":\"2024-02-22T10:30:19+00:00\",\"dateModified\":\"2025-07-04T11:17:45+00:00\",\"description\":\"Consulta c\u00f3mo Slora recopila, utiliza y protege tus datos personales, cumpliendo con la normativa de privacidad vigente.\",\"breadcrumb\":{\"@id\":\"https:\\\/\\\/slorapp.com\\\/pt-pt\\\/politica-de-privacidad\\\/#breadcrumb\"},\"inLanguage\":\"pt-PT\",\"potentialAction\":[{\"@type\":\"ReadAction\",\"target\":[\"https:\\\/\\\/slorapp.com\\\/pt-pt\\\/politica-de-privacidad\\\/\"]}]},{\"@type\":\"ImageObject\",\"inLanguage\":\"pt-PT\",\"@id\":\"https:\\\/\\\/slorapp.com\\\/pt-pt\\\/politica-de-privacidad\\\/#primaryimage\",\"url\":\"https:\\\/\\\/slorapp.com\\\/wp-content\\\/uploads\\\/2024\\\/05\\\/slora-logo-usa.svg\",\"contentUrl\":\"https:\\\/\\\/slorapp.com\\\/wp-content\\\/uploads\\\/2024\\\/05\\\/slora-logo-usa.svg\"},{\"@type\":\"BreadcrumbList\",\"@id\":\"https:\\\/\\\/slorapp.com\\\/pt-pt\\\/politica-de-privacidad\\\/#breadcrumb\",\"itemListElement\":[{\"@type\":\"ListItem\",\"position\":1,\"name\":\"Portada\",\"item\":\"https:\\\/\\\/slorapp.com\\\/pt-pt\\\/\"},{\"@type\":\"ListItem\",\"position\":2,\"name\":\"Pol\u00edtica de privacidad\"}]},{\"@type\":\"WebSite\",\"@id\":\"https:\\\/\\\/slorapp.com\\\/#website\",\"url\":\"https:\\\/\\\/slorapp.com\\\/\",\"name\":\"Slora by Globalvia\",\"description\":\"La app m\u00f3vil para el pago de peajes | Never Stop Moving\",\"publisher\":{\"@id\":\"https:\\\/\\\/slorapp.com\\\/#organization\"},\"potentialAction\":[{\"@type\":\"SearchAction\",\"target\":{\"@type\":\"EntryPoint\",\"urlTemplate\":\"https:\\\/\\\/slorapp.com\\\/?s={search_term_string}\"},\"query-input\":{\"@type\":\"PropertyValueSpecification\",\"valueRequired\":true,\"valueName\":\"search_term_string\"}}],\"inLanguage\":\"pt-PT\"},{\"@type\":\"Organization\",\"@id\":\"https:\\\/\\\/slorapp.com\\\/#organization\",\"name\":\"Slora by Globalvia\",\"url\":\"https:\\\/\\\/slorapp.com\\\/\",\"logo\":{\"@type\":\"ImageObject\",\"inLanguage\":\"pt-PT\",\"@id\":\"https:\\\/\\\/slorapp.com\\\/#\\\/schema\\\/logo\\\/image\\\/\",\"url\":\"https:\\\/\\\/slorapp.com\\\/wp-content\\\/uploads\\\/2024\\\/02\\\/slora-logo-usa.svg\",\"contentUrl\":\"https:\\\/\\\/slorapp.com\\\/wp-content\\\/uploads\\\/2024\\\/02\\\/slora-logo-usa.svg\",\"width\":192,\"height\":112,\"caption\":\"Slora by Globalvia\"},\"image\":{\"@id\":\"https:\\\/\\\/slorapp.com\\\/#\\\/schema\\\/logo\\\/image\\\/\"},\"sameAs\":[\"https:\\\/\\\/www.facebook.com\\\/SloraUSA\"]}]}<\/script>\n<!-- \/ Yoast SEO plugin. -->","yoast_head_json":{"title":"Pol\u00edtica de privacidad - Slora by Globalvia","description":"Consulta c\u00f3mo Slora recopila, utiliza y protege tus datos personales, cumpliendo con la normativa de privacidad vigente.","robots":{"index":"index","follow":"follow","max-snippet":"max-snippet:-1","max-image-preview":"max-image-preview:large","max-video-preview":"max-video-preview:-1"},"canonical":"https:\/\/slorapp.com\/pt-pt\/politica-de-privacidad\/","og_locale":"pt_PT","og_type":"article","og_title":"Pol\u00edtica de privacidad - Slora by Globalvia","og_description":"Consulta c\u00f3mo Slora recopila, utiliza y protege tus datos personales, cumpliendo con la normativa de privacidad vigente.","og_url":"https:\/\/slorapp.com\/pt-pt\/politica-de-privacidad\/","og_site_name":"Slora by Globalvia","article_publisher":"https:\/\/www.facebook.com\/SloraUSA","article_modified_time":"2025-07-04T11:17:45+00:00","og_image":[{"url":"https:\/\/slorapp.com\/wp-content\/uploads\/2024\/05\/slora-logo-usa.svg","type":"","width":"","height":""}],"twitter_card":"summary_large_image","twitter_misc":{"Tempo estimado de leitura":"7 minutos"},"schema":{"@context":"https:\/\/schema.org","@graph":[{"@type":"WebPage","@id":"https:\/\/slorapp.com\/pt-pt\/politica-de-privacidad\/","url":"https:\/\/slorapp.com\/pt-pt\/politica-de-privacidad\/","name":"Pol\u00edtica de privacidad - Slora by Globalvia","isPartOf":{"@id":"https:\/\/slorapp.com\/#website"},"primaryImageOfPage":{"@id":"https:\/\/slorapp.com\/pt-pt\/politica-de-privacidad\/#primaryimage"},"image":{"@id":"https:\/\/slorapp.com\/pt-pt\/politica-de-privacidad\/#primaryimage"},"thumbnailUrl":"https:\/\/slorapp.com\/wp-content\/uploads\/2024\/05\/slora-logo-usa.svg","datePublished":"2024-02-22T10:30:19+00:00","dateModified":"2025-07-04T11:17:45+00:00","description":"Consulta c\u00f3mo Slora recopila, utiliza y protege tus datos personales, cumpliendo con la normativa de privacidad vigente.","breadcrumb":{"@id":"https:\/\/slorapp.com\/pt-pt\/politica-de-privacidad\/#breadcrumb"},"inLanguage":"pt-PT","potentialAction":[{"@type":"ReadAction","target":["https:\/\/slorapp.com\/pt-pt\/politica-de-privacidad\/"]}]},{"@type":"ImageObject","inLanguage":"pt-PT","@id":"https:\/\/slorapp.com\/pt-pt\/politica-de-privacidad\/#primaryimage","url":"https:\/\/slorapp.com\/wp-content\/uploads\/2024\/05\/slora-logo-usa.svg","contentUrl":"https:\/\/slorapp.com\/wp-content\/uploads\/2024\/05\/slora-logo-usa.svg"},{"@type":"BreadcrumbList","@id":"https:\/\/slorapp.com\/pt-pt\/politica-de-privacidad\/#breadcrumb","itemListElement":[{"@type":"ListItem","position":1,"name":"Portada","item":"https:\/\/slorapp.com\/pt-pt\/"},{"@type":"ListItem","position":2,"name":"Pol\u00edtica de privacidad"}]},{"@type":"WebSite","@id":"https:\/\/slorapp.com\/#website","url":"https:\/\/slorapp.com\/","name":"Slora by Globalvia","description":"La app m\u00f3vil para el pago de peajes | Never Stop Moving","publisher":{"@id":"https:\/\/slorapp.com\/#organization"},"potentialAction":[{"@type":"SearchAction","target":{"@type":"EntryPoint","urlTemplate":"https:\/\/slorapp.com\/?s={search_term_string}"},"query-input":{"@type":"PropertyValueSpecification","valueRequired":true,"valueName":"search_term_string"}}],"inLanguage":"pt-PT"},{"@type":"Organization","@id":"https:\/\/slorapp.com\/#organization","name":"Slora by Globalvia","url":"https:\/\/slorapp.com\/","logo":{"@type":"ImageObject","inLanguage":"pt-PT","@id":"https:\/\/slorapp.com\/#\/schema\/logo\/image\/","url":"https:\/\/slorapp.com\/wp-content\/uploads\/2024\/02\/slora-logo-usa.svg","contentUrl":"https:\/\/slorapp.com\/wp-content\/uploads\/2024\/02\/slora-logo-usa.svg","width":192,"height":112,"caption":"Slora by Globalvia"},"image":{"@id":"https:\/\/slorapp.com\/#\/schema\/logo\/image\/"},"sameAs":["https:\/\/www.facebook.com\/SloraUSA"]}]}},"_links":{"self":[{"href":"https:\/\/slorapp.com\/pt-pt\/wp-json\/wp\/v2\/pages\/584","targetHints":{"allow":["GET"]}}],"collection":[{"href":"https:\/\/slorapp.com\/pt-pt\/wp-json\/wp\/v2\/pages"}],"about":[{"href":"https:\/\/slorapp.com\/pt-pt\/wp-json\/wp\/v2\/types\/page"}],"author":[{"embeddable":true,"href":"https:\/\/slorapp.com\/pt-pt\/wp-json\/wp\/v2\/users\/1"}],"replies":[{"embeddable":true,"href":"https:\/\/slorapp.com\/pt-pt\/wp-json\/wp\/v2\/comments?post=584"}],"version-history":[{"count":7,"href":"https:\/\/slorapp.com\/pt-pt\/wp-json\/wp\/v2\/pages\/584\/revisions"}],"predecessor-version":[{"id":1376,"href":"https:\/\/slorapp.com\/pt-pt\/wp-json\/wp\/v2\/pages\/584\/revisions\/1376"}],"wp:attachment":[{"href":"https:\/\/slorapp.com\/pt-pt\/wp-json\/wp\/v2\/media?parent=584"}],"curies":[{"name":"wp","href":"https:\/\/api.w.org\/{rel}","templated":true}]}}