{"id":588,"date":"2024-02-14T12:17:01","date_gmt":"2024-02-14T12:17:01","guid":{"rendered":"https:\/\/321brand.net\/slora\/slora\/"},"modified":"2025-07-04T11:15:21","modified_gmt":"2025-07-04T11:15:21","slug":"slora","status":"publish","type":"page","link":"https:\/\/slorapp.com\/pt-pt\/","title":{"rendered":"Slora"},"content":{"rendered":"\t\t<div data-elementor-type=\"wp-page\" data-elementor-id=\"588\" class=\"elementor elementor-588 elementor-13\" data-elementor-post-type=\"page\">\n\t\t\t\t<div class=\"elementor-element elementor-element-bb41abe e-con-full e-flex e-con e-parent\" data-id=\"bb41abe\" data-element_type=\"container\">\n\t\t\t\t<div class=\"elementor-element elementor-element-92ee495 elementor-widget elementor-widget-slider_revolution\" data-id=\"92ee495\" data-element_type=\"widget\" data-widget_type=\"slider_revolution.default\">\n\t\t\t\t<div class=\"elementor-widget-container\">\n\t\t\t\t\t\n\t\t<div class=\"wp-block-themepunch-revslider\">\n\t\t\t<!-- START Slider 1 1 REVOLUTION SLIDER 6.7.38 --><p class=\"rs-p-wp-fix\"><\/p>\n\t\t\t<rs-module-wrap id=\"rev_slider_3_1_wrapper\" data-source=\"gallery\" style=\"visibility:hidden;background:transparent;padding:0;margin:0px auto;margin-top:0;margin-bottom:0;\">\n\t\t\t\t<rs-module id=\"rev_slider_3_1\" style=\"\" data-version=\"6.7.38\">\n\t\t\t\t\t<rs-slides style=\"overflow: hidden; position: absolute;\">\n\t\t\t\t\t\t<rs-slide style=\"position: absolute;\" data-key=\"rs-7\" data-title=\"Slide\" data-in=\"o:0;\" data-out=\"a:false;\">\n\t\t\t\t\t\t\t<img fetchpriority=\"high\" decoding=\"async\" src=\"\/\/slorapp.com\/wp-content\/plugins\/revslider\/sr6\/assets\/assets\/dummy.png\" alt=\"\" title=\"1920x700_3.jpeg\" width=\"1920\" height=\"700\" class=\"rev-slidebg tp-rs-img rs-lazyload\" data-lazyload=\"\/\/slorapp.com\/wp-content\/uploads\/revslider\/video-media\/1920x700_3.jpeg\" data-no-retina>\n\t\t\t\t\t\t\t<rs-bgvideo \n\t\t\t\t\t\t\t\tdata-video=\"w:100%;h:100%;nse:false;l:true;ptimer:false;vfc:true;\"\n\t\t\t\t\t\t\t\tdata-mp4=\"\/\/slorapp.com\/wp-content\/uploads\/2024\/02\/1920x700.mp4\"\n\t\t\t\t\t\t\t><\/rs-bgvideo>\n<!--\n\t\t\t\t\t\t\t--><rs-group\n\t\t\t\t\t\t\t\tid=\"slider-3-slide-7-layer-5\" \n\t\t\t\t\t\t\t\tclass=\"rs-selectable\"\n\t\t\t\t\t\t\t\tdata-type=\"group\"\n\t\t\t\t\t\t\t\tdata-rsp_ch=\"on\"\n\t\t\t\t\t\t\t\tdata-xy=\"x:c;y:m;yo:0,0,0,-10px;\"\n\t\t\t\t\t\t\t\tdata-text=\"w:normal;s:20,20,20,7;l:0,0,0,9;\"\n\t\t\t\t\t\t\t\tdata-dim=\"w:627,627,627,328px;h:376,376,376,203px;\"\n\t\t\t\t\t\t\t\tdata-frame_0=\"o:1;\"\n\t\t\t\t\t\t\t\tdata-frame_1=\"st:a;\"\n\t\t\t\t\t\t\t\tdata-frame_999=\"o:0;st:a;sA:9000;\"\n\t\t\t\t\t\t\t\tstyle=\"z-index:10;\"\n\t\t\t\t\t\t\t><!--\n\t\t\t\t\t\t\t\t--><rs-layer\n\t\t\t\t\t\t\t\t\tid=\"slider-3-slide-7-layer-4\" \n\t\t\t\t\t\t\t\t\tclass=\"rs-selectable rs-layer-video intrinsic-ignore\"\n\t\t\t\t\t\t\t\t\tdata-type=\"video\"\n\t\t\t\t\t\t\t\t\tdata-rsp_ch=\"on\"\n\t\t\t\t\t\t\t\t\tdata-xy=\"x:c;xo:2px,2px,2px,0;yo:37px,37px,37px,13px;\"\n\t\t\t\t\t\t\t\t\tdata-pos=\"a\"\n\t\t\t\t\t\t\t\t\tdata-text=\"w:normal;s:20,20,20,7;l:0,0,0,9;\"\n\t\t\t\t\t\t\t\t\tdata-dim=\"w:545px,545px,545px,315px;h:307px,307px,307px,177px;\"\n\t\t\t\t\t\t\t\t\tdata-video=\"ap:false;vd:100;l:false;ptimer:false;\"\n\t\t\t\t\t\t\t\t\tdata-ytid=\"CfcbWHLqAjk\"\n\t\t\t\t\t\t\t\t\tdata-vatr=\"version=3&amp;enablejsapi=1&amp;html5=1&amp;hd=1&amp;wmode=opaque&amp;showinfo=0&amp;rel=0&amp;origin=https:\/\/slorapp.com;\"\n\t\t\t\t\t\t\t\t\tdata-frame_999=\"o:0;st:w;\"\n\t\t\t\t\t\t\t\t\tstyle=\"z-index:7;\"\n\t\t\t\t\t\t\t\t>\n\t\t\t\t\t\t\t\t<\/rs-layer><!--\n\n\t\t\t\t\t\t\t\t--><rs-layer\n\t\t\t\t\t\t\t\t\tid=\"slider-3-slide-7-layer-6\" \n\t\t\t\t\t\t\t\t\tclass=\"rs-selectable\"\n\t\t\t\t\t\t\t\t\tdata-type=\"image\"\n\t\t\t\t\t\t\t\t\tdata-rsp_ch=\"on\"\n\t\t\t\t\t\t\t\t\tdata-xy=\"x:c;xo:291px,291px,291px,156px;yo:12px,12px,12px,3px;\"\n\t\t\t\t\t\t\t\t\tdata-pos=\"a\"\n\t\t\t\t\t\t\t\t\tdata-text=\"w:normal;s:20,20,20,7;l:0,0,0,9;\"\n\t\t\t\t\t\t\t\t\tdata-dim=\"w:25px,25px,25px,9px;h:28px,28px,28px,10px;\"\n\t\t\t\t\t\t\t\t\tdata-actions='o:click;a:togglelayer;ls:hidden;layer:slider-3-slide-7-layer-5;ch:true;'\n\t\t\t\t\t\t\t\t\tdata-frame_999=\"o:0;st:w;\"\n\t\t\t\t\t\t\t\t\tstyle=\"z-index:6;cursor:pointer;\"\n\t\t\t\t\t\t\t\t><img decoding=\"async\" src=\"\/\/slorapp.com\/wp-content\/plugins\/revslider\/sr6\/assets\/assets\/dummy.png\" alt=\"\" class=\"tp-rs-img rs-lazyload\" width=\"37\" height=\"41\" data-lazyload=\"\" data-no-retina> \n\t\t\t\t\t\t\t\t<\/rs-layer><!--\n\t\t\t\t\t\t\t--><\/rs-group><!--\n\n\t\t\t\t\t\t\t--><rs-layer\n\t\t\t\t\t\t\t\tid=\"slider-3-slide-7-layer-0\" \n\t\t\t\t\t\t\t\tclass=\"rs-selectable\"\n\t\t\t\t\t\t\t\tdata-type=\"text\"\n\t\t\t\t\t\t\t\tdata-rsp_ch=\"on\"\n\t\t\t\t\t\t\t\tdata-xy=\"x:c;y:t,t,t,m;yo:173px,173px,173px,-40px;\"\n\t\t\t\t\t\t\t\tdata-text=\"w:normal;s:66,66,66,42;l:83,83,83,52;fw:600;\"\n\t\t\t\t\t\t\t\tdata-basealign=\"slide\"\n\t\t\t\t\t\t\t\tdata-frame_999=\"o:0;st:w;\"\n\t\t\t\t\t\t\t\tstyle=\"z-index:8;font-family:'Quicksand';\"\n\t\t\t\t\t\t\t>Never Stop Moving \n\t\t\t\t\t\t\t<\/rs-layer><!--\n\n\t\t\t\t\t\t\t--><rs-layer\n\t\t\t\t\t\t\t\tid=\"slider-3-slide-7-layer-1\" \n\t\t\t\t\t\t\t\tclass=\"rs-selectable\"\n\t\t\t\t\t\t\t\tdata-type=\"text\"\n\t\t\t\t\t\t\t\tdata-rsp_ch=\"on\"\n\t\t\t\t\t\t\t\tdata-xy=\"x:c;yo:437px,437px,437px,488px;\"\n\t\t\t\t\t\t\t\tdata-text=\"w:normal;s:26,26,26,24;l:18,18,18,29;fw:600;a:center;\"\n\t\t\t\t\t\t\t\tdata-dim=\"w:auto,auto,auto,358px;\"\n\t\t\t\t\t\t\t\tdata-frame_999=\"o:0;st:w;\"\n\t\t\t\t\t\t\t\tstyle=\"z-index:7;font-family:'Quicksand';\"\n\t\t\t\t\t\t\t>A aplica\u00e7\u00e3o de pagamento online para usu\u00e1rios em movimento.<br \/>\n<br \/>\nPara que pares apenas quando o corpo te pedir! \n\t\t\t\t\t\t\t<\/rs-layer><!--\n\n\t\t\t\t\t\t\t--><rs-layer\n\t\t\t\t\t\t\t\tid=\"slider-3-slide-7-layer-2\" \n\t\t\t\t\t\t\t\tclass=\"rs-selectable\"\n\t\t\t\t\t\t\t\tdata-type=\"shape\"\n\t\t\t\t\t\t\t\tdata-rsp_ch=\"on\"\n\t\t\t\t\t\t\t\tdata-xy=\"x:c;y:m;\"\n\t\t\t\t\t\t\t\tdata-text=\"w:normal;s:20,20,20,7;l:0,0,0,9;\"\n\t\t\t\t\t\t\t\tdata-dim=\"w:100%;h:100%;\"\n\t\t\t\t\t\t\t\tdata-basealign=\"slide\"\n\t\t\t\t\t\t\t\tdata-frame_999=\"o:0;st:w;\"\n\t\t\t\t\t\t\t\tstyle=\"z-index:6;background-color:rgba(16,57,102,0.5);\"\n\t\t\t\t\t\t\t> \n\t\t\t\t\t\t\t<\/rs-layer><!--\n\n\t\t\t\t\t\t\t--><rs-layer\n\t\t\t\t\t\t\t\tid=\"slider-3-slide-7-layer-3\" \n\t\t\t\t\t\t\t\tclass=\"rs-selectable\"\n\t\t\t\t\t\t\t\tdata-type=\"image\"\n\t\t\t\t\t\t\t\tdata-rsp_ch=\"on\"\n\t\t\t\t\t\t\t\tdata-xy=\"x:c;y:m;yo:30px,30px,30px,61px;\"\n\t\t\t\t\t\t\t\tdata-text=\"w:normal;s:20,20,20,7;l:0,0,0,9;\"\n\t\t\t\t\t\t\t\tdata-dim=\"w:85px,85px,85px,32px;h:85px,85px,85px,32px;\"\n\t\t\t\t\t\t\t\tdata-actions='o:click;a:togglelayer;ls:hidden;layer:slider-3-slide-7-layer-5;ch:true;'\n\t\t\t\t\t\t\t\tdata-frame_999=\"o:0;st:w;\"\n\t\t\t\t\t\t\t\tstyle=\"z-index:9;cursor:pointer;\"\n\t\t\t\t\t\t\t><img decoding=\"async\" src=\"\/\/slorapp.com\/wp-content\/plugins\/revslider\/sr6\/assets\/assets\/dummy.png\" alt=\"\" class=\"tp-rs-img rs-lazyload\" width=\"60\" height=\"60\" data-lazyload=\"\/\/slorapp.com\/wp-content\/uploads\/2024\/02\/play.svg\" data-no-retina> \n\t\t\t\t\t\t\t<\/rs-layer><!--\n-->\t\t\t\t\t<\/rs-slide>\n\t\t\t\t\t<\/rs-slides>\n\t\t\t\t<\/rs-module>\n\t\t\t\t<script>\n\t\t\t\t\tsetREVStartSize({c: 'rev_slider_3_1',rl:[1240,1240,1240,480],el:[620,620,620,720],gw:[1240,1240,1240,480],gh:[620,620,620,720],type:'standard',justify:'',layout:'fullwidth',mh:\"0\"});if (window.RS_MODULES!==undefined && window.RS_MODULES.modules!==undefined && window.RS_MODULES.modules[\"revslider31\"]!==undefined) {window.RS_MODULES.modules[\"revslider31\"].once = false;window.revapi3 = undefined;if (window.RS_MODULES.checkMinimal!==undefined) window.RS_MODULES.checkMinimal()}\n\t\t\t\t<\/script>\n\t\t\t<\/rs-module-wrap>\n\t\t\t<!-- END REVOLUTION SLIDER -->\n<\/div>\n\n\t\t\t\t\t\t<\/div>\n\t\t\t\t<\/div>\n\t\t\t\t<\/div>\n\t\t<div class=\"elementor-element elementor-element-05cfda0 e-flex e-con-boxed e-con e-parent\" data-id=\"05cfda0\" data-element_type=\"container\">\n\t\t\t\t\t<div class=\"e-con-inner\">\n\t\t<div class=\"elementor-element elementor-element-886288f e-con-full e-flex e-con e-child\" data-id=\"886288f\" data-element_type=\"container\">\n\t\t\t\t<div class=\"elementor-element elementor-element-225c39e elementor-widget elementor-widget-image\" data-id=\"225c39e\" data-element_type=\"widget\" data-widget_type=\"image.default\">\n\t\t\t\t<div class=\"elementor-widget-container\">\n\t\t\t\t\t\t\t\t\t\t\t\t\t\t\t<img loading=\"lazy\" decoding=\"async\" width=\"480\" height=\"548\" src=\"https:\/\/slorapp.com\/wp-content\/uploads\/2024\/02\/phone@2x-e36d9849d456a51e76783ebffc39938d.png\" class=\"attachment-large size-large wp-image-589\" alt=\"\" srcset=\"https:\/\/slorapp.com\/wp-content\/uploads\/2024\/02\/phone@2x-e36d9849d456a51e76783ebffc39938d.png 480w, https:\/\/slorapp.com\/wp-content\/uploads\/2024\/02\/phone@2x-e36d9849d456a51e76783ebffc39938d-263x300.png 263w\" sizes=\"(max-width: 480px) 100vw, 480px\" \/>\t\t\t\t\t\t\t\t\t\t\t\t\t\t\t<\/div>\n\t\t\t\t<\/div>\n\t\t\t\t<\/div>\n\t\t\t\t<div class=\"elementor-element elementor-element-c0b98be elementor-widget elementor-widget-spacer\" data-id=\"c0b98be\" data-element_type=\"widget\" data-widget_type=\"spacer.default\">\n\t\t\t\t<div class=\"elementor-widget-container\">\n\t\t\t\t\t\t\t<div class=\"elementor-spacer\">\n\t\t\t<div class=\"elementor-spacer-inner\"><\/div>\n\t\t<\/div>\n\t\t\t\t\t\t<\/div>\n\t\t\t\t<\/div>\n\t\t\t\t<div class=\"elementor-element elementor-element-6b1a27e elementor-widget__width-initial elementor-widget elementor-widget-spacer\" data-id=\"6b1a27e\" data-element_type=\"widget\" data-widget_type=\"spacer.default\">\n\t\t\t\t<div class=\"elementor-widget-container\">\n\t\t\t\t\t\t\t<div class=\"elementor-spacer\">\n\t\t\t<div class=\"elementor-spacer-inner\"><\/div>\n\t\t<\/div>\n\t\t\t\t\t\t<\/div>\n\t\t\t\t<\/div>\n\t\t<div class=\"elementor-element elementor-element-0a1b810 e-con-full e-flex e-con e-child\" data-id=\"0a1b810\" data-element_type=\"container\">\n\t\t\t\t<div class=\"elementor-element elementor-element-2658413 elementor-widget elementor-widget-text-editor\" data-id=\"2658413\" data-element_type=\"widget\" data-widget_type=\"text-editor.default\">\n\t\t\t\t<div class=\"elementor-widget-container\">\n\t\t\t\t\t\t\t\t\t<h1>O que \u00e9 Slora?<\/h1>\n\t\t\t\t\t\t\t\t<\/div>\n\t\t\t\t<\/div>\n\t\t\t\t<div class=\"elementor-element elementor-element-8fb2cdd elementor-widget elementor-widget-text-editor\" data-id=\"8fb2cdd\" data-element_type=\"widget\" data-widget_type=\"text-editor.default\">\n\t\t\t\t<div class=\"elementor-widget-container\">\n\t\t\t\t\t\t\t\t\t<p><span style=\"color: #3c3c3b;\">Slora \u00e9 a nova app da Globalvia que te ajuda a explorar novos caminhos simplificando a maneira como te moves. Viaja de forma r\u00e1pida e confort\u00e1vel pagando as viagens que fazes por autoestrada a partir do teu telem\u00f3vel, sem dinheiro f\u00edsico e sem tempos de espera. Porque mover-se \u00e9 muito mais do que deslocar-se, com Slora nada te det\u00e9m.<\/span><\/p>\n\t\t\t\t\t\t\t\t<\/div>\n\t\t\t\t<\/div>\n\t\t\t\t<div class=\"elementor-element elementor-element-807d69e elementor-widget elementor-widget-text-editor\" data-id=\"807d69e\" data-element_type=\"widget\" data-widget_type=\"text-editor.default\">\n\t\t\t\t<div class=\"elementor-widget-container\">\n\t\t\t\t\t\t\t\t\t<h3>Atreves-te a desfrutar do mundo connosco?<\/h3>\n\t\t\t\t\t\t\t\t<\/div>\n\t\t\t\t<\/div>\n\t\t\t\t<\/div>\n\t\t\t\t\t<\/div>\n\t\t\t\t<\/div>\n\t\t<div class=\"elementor-element elementor-element-4b353c6 e-flex e-con-boxed e-con e-parent\" data-id=\"4b353c6\" data-element_type=\"container\">\n\t\t\t\t\t<div class=\"e-con-inner\">\n\t\t<div class=\"elementor-element elementor-element-ceaf2e0 e-con-full e-flex e-con e-child\" data-id=\"ceaf2e0\" data-element_type=\"container\">\n\t\t\t\t<\/div>\n\t\t<div class=\"elementor-element elementor-element-b43f0c6 e-con-full e-flex e-con e-child\" data-id=\"b43f0c6\" data-element_type=\"container\">\n\t\t\t\t<div class=\"elementor-element elementor-element-fb08dc4 elementor-widget elementor-widget-text-editor\" data-id=\"fb08dc4\" data-element_type=\"widget\" data-widget_type=\"text-editor.default\">\n\t\t\t\t<div class=\"elementor-widget-container\">\n\t\t\t\t\t\t\t\t\t<h3 style=\"text-align: center;\">Onde posso utilizar Slora?<\/h3>\n\t\t\t\t\t\t\t\t<\/div>\n\t\t\t\t<\/div>\n\t\t\t\t<div class=\"elementor-element elementor-element-6001514 elementor-widget elementor-widget-text-editor\" data-id=\"6001514\" data-element_type=\"widget\" data-widget_type=\"text-editor.default\">\n\t\t\t\t<div class=\"elementor-widget-container\">\n\t\t\t\t\t\t\t\t\t<p style=\"text-align: center;\"><span style=\"color: #3c3c3b;\">Queremos tornar tudo mais f\u00e1cil, onde quer que v\u00e1s!<\/span><\/p>\n<p style=\"text-align: center;\"><span style=\"color: #3c3c3b;\">Atualmente podes utilizar a nossa app nas autoestradas dos Estados Unidos, enquanto continuamos a trabalhar para que possas viajar com ela noutros pa\u00edses.<\/span><\/p>\n<p style=\"text-align: center;\"><span style=\"color: #3c3c3b;\">Seleciona a regi\u00e3o e descobre as vantagens de utilizar Slora em cada pa\u00eds.<\/span><\/p>\n\t\t\t\t\t\t\t\t<\/div>\n\t\t\t\t<\/div>\n\t\t\t\t<div class=\"elementor-element elementor-element-46f7e27 margenauto elementor-widget elementor-widget-html\" data-id=\"46f7e27\" data-element_type=\"widget\" data-widget_type=\"html.default\">\n\t\t\t\t<div class=\"elementor-widget-container\">\n\t\t\t\t\t\n    <select id=\"selectorEnlaces\" onchange=\"cambiarEnlace()\">\n        <option value=\"\" disabled selected>Seleccione a sua regi\u00e3o<\/option>\n        <option value=\"https:\/\/slorapp.com\/en\/usa\/\">Estados Unidos<\/option>\n        <option value=\"https:\/\/portal.pt.slorapp.com\/auth\/login\">Portugal<\/option>\n    <\/select>\n    <button id=\"botonIr\">Aceder<\/button>\n    <script>\n        function cambiarEnlace() {\n            var selector = document.getElementById(\"selectorEnlaces\");\n            var enlaceSeleccionado = selector.value;\n            var botonIr = document.getElementById(\"botonIr\");\n            botonIr.onclick = function() {\n                window.location.href = enlaceSeleccionado;\n            };\n        }\n    <\/script>\t\t\t\t<\/div>\n\t\t\t\t<\/div>\n\t\t\t\t<div class=\"elementor-element elementor-element-e352d21 elementor-widget elementor-widget-text-editor\" data-id=\"e352d21\" data-element_type=\"widget\" data-widget_type=\"text-editor.default\">\n\t\t\t\t<div class=\"elementor-widget-container\">\n\t\t\t\t\t\t\t\t\t<h3 style=\"text-align: center;\">Slora \u00e9 movimento, NEVER STOP MOVING!<\/h3>\n\t\t\t\t\t\t\t\t<\/div>\n\t\t\t\t<\/div>\n\t\t\t\t<\/div>\n\t\t<div class=\"elementor-element elementor-element-ecf1ff2 e-con-full e-flex e-con e-child\" data-id=\"ecf1ff2\" data-element_type=\"container\">\n\t\t\t\t<\/div>\n\t\t\t\t\t<\/div>\n\t\t\t\t<\/div>\n\t\t\t\t<\/div>\n\t\t","protected":false},"excerpt":{"rendered":"<p>O que \u00e9 Slora? Slora \u00e9 a nova app da Globalvia que te ajuda a explorar novos caminhos simplificando a maneira como te moves. Viaja de forma r\u00e1pida e confort\u00e1vel pagando as viagens que fazes por autoestrada a partir do teu telem\u00f3vel, sem dinheiro f\u00edsico e sem tempos de espera. Porque mover-se \u00e9 muito mais [&hellip;]<\/p>\n","protected":false},"author":1,"featured_media":0,"parent":0,"menu_order":0,"comment_status":"closed","ping_status":"closed","template":"elementor_header_footer","meta":{"footnotes":""},"class_list":["post-588","page","type-page","status-publish","hentry"],"yoast_head":"<!-- This site is optimized with the Yoast SEO plugin v26.8 - https:\/\/yoast.com\/product\/yoast-seo-wordpress\/ -->\n<title>Slora - Slora by Globalvia<\/title>\n<meta name=\"description\" content=\"Slora: a app de pagamento autom\u00e1tico de portagens nos EUA. Viaje em faixas expressas com o seu telem\u00f3vel, sem paragens ou dinheiro.\" \/>\n<meta name=\"robots\" content=\"index, follow, max-snippet:-1, max-image-preview:large, max-video-preview:-1\" \/>\n<link rel=\"canonical\" href=\"https:\/\/slorapp.com\/pt-pt\/\" \/>\n<meta property=\"og:locale\" content=\"pt_PT\" \/>\n<meta property=\"og:type\" content=\"article\" \/>\n<meta property=\"og:title\" content=\"Slora - Slora by Globalvia\" \/>\n<meta property=\"og:description\" content=\"Slora: a app de pagamento autom\u00e1tico de portagens nos EUA. Viaje em faixas expressas com o seu telem\u00f3vel, sem paragens ou dinheiro.\" \/>\n<meta property=\"og:url\" content=\"https:\/\/slorapp.com\/pt-pt\/\" \/>\n<meta property=\"og:site_name\" content=\"Slora by Globalvia\" \/>\n<meta property=\"article:publisher\" content=\"https:\/\/www.facebook.com\/SloraUSA\" \/>\n<meta property=\"article:modified_time\" content=\"2025-07-04T11:15:21+00:00\" \/>\n<meta property=\"og:image\" content=\"https:\/\/slorapp.com\/wp-content\/uploads\/2024\/02\/phone@2x-e36d9849d456a51e76783ebffc39938d.png\" \/>\n<meta name=\"twitter:card\" content=\"summary_large_image\" \/>\n<meta name=\"twitter:label1\" content=\"Tempo estimado de leitura\" \/>\n\t<meta name=\"twitter:data1\" content=\"1 minuto\" \/>\n<script type=\"application\/ld+json\" class=\"yoast-schema-graph\">{\"@context\":\"https:\/\/schema.org\",\"@graph\":[{\"@type\":\"WebPage\",\"@id\":\"https:\/\/slorapp.com\/pt-pt\/\",\"url\":\"https:\/\/slorapp.com\/pt-pt\/\",\"name\":\"Slora - Slora by Globalvia\",\"isPartOf\":{\"@id\":\"https:\/\/slorapp.com\/#website\"},\"primaryImageOfPage\":{\"@id\":\"https:\/\/slorapp.com\/pt-pt\/#primaryimage\"},\"image\":{\"@id\":\"https:\/\/slorapp.com\/pt-pt\/#primaryimage\"},\"thumbnailUrl\":\"https:\/\/slorapp.com\/wp-content\/uploads\/2024\/02\/phone@2x-e36d9849d456a51e76783ebffc39938d.png\",\"datePublished\":\"2024-02-14T12:17:01+00:00\",\"dateModified\":\"2025-07-04T11:15:21+00:00\",\"description\":\"Slora: a app de pagamento autom\u00e1tico de portagens nos EUA. Viaje em faixas expressas com o seu telem\u00f3vel, sem paragens ou dinheiro.\",\"breadcrumb\":{\"@id\":\"https:\/\/slorapp.com\/pt-pt\/#breadcrumb\"},\"inLanguage\":\"pt-PT\",\"potentialAction\":[{\"@type\":\"ReadAction\",\"target\":[\"https:\/\/slorapp.com\/pt-pt\/\"]}]},{\"@type\":\"ImageObject\",\"inLanguage\":\"pt-PT\",\"@id\":\"https:\/\/slorapp.com\/pt-pt\/#primaryimage\",\"url\":\"https:\/\/slorapp.com\/wp-content\/uploads\/2024\/02\/phone@2x-e36d9849d456a51e76783ebffc39938d.png\",\"contentUrl\":\"https:\/\/slorapp.com\/wp-content\/uploads\/2024\/02\/phone@2x-e36d9849d456a51e76783ebffc39938d.png\"},{\"@type\":\"BreadcrumbList\",\"@id\":\"https:\/\/slorapp.com\/pt-pt\/#breadcrumb\",\"itemListElement\":[{\"@type\":\"ListItem\",\"position\":1,\"name\":\"Portada\",\"item\":\"https:\/\/slorapp.com\/pt-pt\/\"},{\"@type\":\"ListItem\",\"position\":2,\"name\":\"Slora\"}]},{\"@type\":\"WebSite\",\"@id\":\"https:\/\/slorapp.com\/#website\",\"url\":\"https:\/\/slorapp.com\/\",\"name\":\"Slora by Globalvia\",\"description\":\"La app m\u00f3vil para el pago de peajes | Never Stop Moving\",\"publisher\":{\"@id\":\"https:\/\/slorapp.com\/#organization\"},\"potentialAction\":[{\"@type\":\"SearchAction\",\"target\":{\"@type\":\"EntryPoint\",\"urlTemplate\":\"https:\/\/slorapp.com\/?s={search_term_string}\"},\"query-input\":{\"@type\":\"PropertyValueSpecification\",\"valueRequired\":true,\"valueName\":\"search_term_string\"}}],\"inLanguage\":\"pt-PT\"},{\"@type\":\"Organization\",\"@id\":\"https:\/\/slorapp.com\/#organization\",\"name\":\"Slora by Globalvia\",\"url\":\"https:\/\/slorapp.com\/\",\"logo\":{\"@type\":\"ImageObject\",\"inLanguage\":\"pt-PT\",\"@id\":\"https:\/\/slorapp.com\/#\/schema\/logo\/image\/\",\"url\":\"https:\/\/slorapp.com\/wp-content\/uploads\/2024\/02\/slora-logo-usa.svg\",\"contentUrl\":\"https:\/\/slorapp.com\/wp-content\/uploads\/2024\/02\/slora-logo-usa.svg\",\"width\":192,\"height\":112,\"caption\":\"Slora by Globalvia\"},\"image\":{\"@id\":\"https:\/\/slorapp.com\/#\/schema\/logo\/image\/\"},\"sameAs\":[\"https:\/\/www.facebook.com\/SloraUSA\"]}]}<\/script>\n<!-- \/ Yoast SEO plugin. -->","yoast_head_json":{"title":"Slora - Slora by Globalvia","description":"Slora: a app de pagamento autom\u00e1tico de portagens nos EUA. Viaje em faixas expressas com o seu telem\u00f3vel, sem paragens ou dinheiro.","robots":{"index":"index","follow":"follow","max-snippet":"max-snippet:-1","max-image-preview":"max-image-preview:large","max-video-preview":"max-video-preview:-1"},"canonical":"https:\/\/slorapp.com\/pt-pt\/","og_locale":"pt_PT","og_type":"article","og_title":"Slora - Slora by Globalvia","og_description":"Slora: a app de pagamento autom\u00e1tico de portagens nos EUA. Viaje em faixas expressas com o seu telem\u00f3vel, sem paragens ou dinheiro.","og_url":"https:\/\/slorapp.com\/pt-pt\/","og_site_name":"Slora by Globalvia","article_publisher":"https:\/\/www.facebook.com\/SloraUSA","article_modified_time":"2025-07-04T11:15:21+00:00","og_image":[{"url":"https:\/\/slorapp.com\/wp-content\/uploads\/2024\/02\/phone@2x-e36d9849d456a51e76783ebffc39938d.png","type":"","width":"","height":""}],"twitter_card":"summary_large_image","twitter_misc":{"Tempo estimado de leitura":"1 minuto"},"schema":{"@context":"https:\/\/schema.org","@graph":[{"@type":"WebPage","@id":"https:\/\/slorapp.com\/pt-pt\/","url":"https:\/\/slorapp.com\/pt-pt\/","name":"Slora - Slora by Globalvia","isPartOf":{"@id":"https:\/\/slorapp.com\/#website"},"primaryImageOfPage":{"@id":"https:\/\/slorapp.com\/pt-pt\/#primaryimage"},"image":{"@id":"https:\/\/slorapp.com\/pt-pt\/#primaryimage"},"thumbnailUrl":"https:\/\/slorapp.com\/wp-content\/uploads\/2024\/02\/phone@2x-e36d9849d456a51e76783ebffc39938d.png","datePublished":"2024-02-14T12:17:01+00:00","dateModified":"2025-07-04T11:15:21+00:00","description":"Slora: a app de pagamento autom\u00e1tico de portagens nos EUA. Viaje em faixas expressas com o seu telem\u00f3vel, sem paragens ou dinheiro.","breadcrumb":{"@id":"https:\/\/slorapp.com\/pt-pt\/#breadcrumb"},"inLanguage":"pt-PT","potentialAction":[{"@type":"ReadAction","target":["https:\/\/slorapp.com\/pt-pt\/"]}]},{"@type":"ImageObject","inLanguage":"pt-PT","@id":"https:\/\/slorapp.com\/pt-pt\/#primaryimage","url":"https:\/\/slorapp.com\/wp-content\/uploads\/2024\/02\/phone@2x-e36d9849d456a51e76783ebffc39938d.png","contentUrl":"https:\/\/slorapp.com\/wp-content\/uploads\/2024\/02\/phone@2x-e36d9849d456a51e76783ebffc39938d.png"},{"@type":"BreadcrumbList","@id":"https:\/\/slorapp.com\/pt-pt\/#breadcrumb","itemListElement":[{"@type":"ListItem","position":1,"name":"Portada","item":"https:\/\/slorapp.com\/pt-pt\/"},{"@type":"ListItem","position":2,"name":"Slora"}]},{"@type":"WebSite","@id":"https:\/\/slorapp.com\/#website","url":"https:\/\/slorapp.com\/","name":"Slora by Globalvia","description":"La app m\u00f3vil para el pago de peajes | Never Stop Moving","publisher":{"@id":"https:\/\/slorapp.com\/#organization"},"potentialAction":[{"@type":"SearchAction","target":{"@type":"EntryPoint","urlTemplate":"https:\/\/slorapp.com\/?s={search_term_string}"},"query-input":{"@type":"PropertyValueSpecification","valueRequired":true,"valueName":"search_term_string"}}],"inLanguage":"pt-PT"},{"@type":"Organization","@id":"https:\/\/slorapp.com\/#organization","name":"Slora by Globalvia","url":"https:\/\/slorapp.com\/","logo":{"@type":"ImageObject","inLanguage":"pt-PT","@id":"https:\/\/slorapp.com\/#\/schema\/logo\/image\/","url":"https:\/\/slorapp.com\/wp-content\/uploads\/2024\/02\/slora-logo-usa.svg","contentUrl":"https:\/\/slorapp.com\/wp-content\/uploads\/2024\/02\/slora-logo-usa.svg","width":192,"height":112,"caption":"Slora by Globalvia"},"image":{"@id":"https:\/\/slorapp.com\/#\/schema\/logo\/image\/"},"sameAs":["https:\/\/www.facebook.com\/SloraUSA"]}]}},"_links":{"self":[{"href":"https:\/\/slorapp.com\/pt-pt\/wp-json\/wp\/v2\/pages\/588","targetHints":{"allow":["GET"]}}],"collection":[{"href":"https:\/\/slorapp.com\/pt-pt\/wp-json\/wp\/v2\/pages"}],"about":[{"href":"https:\/\/slorapp.com\/pt-pt\/wp-json\/wp\/v2\/types\/page"}],"author":[{"embeddable":true,"href":"https:\/\/slorapp.com\/pt-pt\/wp-json\/wp\/v2\/users\/1"}],"replies":[{"embeddable":true,"href":"https:\/\/slorapp.com\/pt-pt\/wp-json\/wp\/v2\/comments?post=588"}],"version-history":[{"count":18,"href":"https:\/\/slorapp.com\/pt-pt\/wp-json\/wp\/v2\/pages\/588\/revisions"}],"predecessor-version":[{"id":1429,"href":"https:\/\/slorapp.com\/pt-pt\/wp-json\/wp\/v2\/pages\/588\/revisions\/1429"}],"wp:attachment":[{"href":"https:\/\/slorapp.com\/pt-pt\/wp-json\/wp\/v2\/media?parent=588"}],"curies":[{"name":"wp","href":"https:\/\/api.w.org\/{rel}","templated":true}]}}