{"id":596,"date":"2024-02-15T09:27:49","date_gmt":"2024-02-15T09:27:49","guid":{"rendered":"https:\/\/321brand.net\/slora\/politica-de-cookies\/"},"modified":"2025-07-04T11:18:00","modified_gmt":"2025-07-04T11:18:00","slug":"politica-de-cookies","status":"publish","type":"page","link":"https:\/\/slorapp.com\/pt-pt\/politica-de-cookies\/","title":{"rendered":"Pol\u00edtica de cookies"},"content":{"rendered":"\t\t<div data-elementor-type=\"wp-page\" data-elementor-id=\"596\" class=\"elementor elementor-596 elementor-73\" data-elementor-post-type=\"page\">\n\t\t\t\t<div class=\"elementor-element elementor-element-b179054 e-flex e-con-boxed e-con e-child\" data-id=\"b179054\" data-element_type=\"container\" data-e-type=\"container\">\n\t\t\t\t\t<div class=\"e-con-inner\">\n\t\t<div class=\"elementor-element elementor-element-431cfb5 e-flex e-con-boxed e-con e-child\" data-id=\"431cfb5\" data-element_type=\"container\" data-e-type=\"container\">\n\t\t\t\t\t<div class=\"e-con-inner\">\n\t\t\t\t<div class=\"elementor-element elementor-element-1d52f3d elementor-widget elementor-widget-image\" data-id=\"1d52f3d\" data-element_type=\"widget\" data-e-type=\"widget\" data-widget_type=\"image.default\">\n\t\t\t\t<div class=\"elementor-widget-container\">\n\t\t\t\t\t\t\t\t\t\t\t\t\t\t\t\t<a href=\"https:\/\/slorapp.com\/en\/\">\n\t\t\t\t\t\t\t<img decoding=\"async\" src=\"https:\/\/slorapp.com\/wp-content\/uploads\/2024\/05\/slora-logo-usa.svg\" class=\"attachment-full size-full wp-image-1339\" alt=\"\" \/>\t\t\t\t\t\t\t\t<\/a>\n\t\t\t\t\t\t\t\t\t\t\t\t\t\t\t<\/div>\n\t\t\t\t<\/div>\n\t\t\t\t<div class=\"elementor-element elementor-element-ff880f4 elementor-widget elementor-widget-spacer\" data-id=\"ff880f4\" data-element_type=\"widget\" data-e-type=\"widget\" data-widget_type=\"spacer.default\">\n\t\t\t\t<div class=\"elementor-widget-container\">\n\t\t\t\t\t\t\t<div class=\"elementor-spacer\">\n\t\t\t<div class=\"elementor-spacer-inner\"><\/div>\n\t\t<\/div>\n\t\t\t\t\t\t<\/div>\n\t\t\t\t<\/div>\n\t\t\t\t<div class=\"elementor-element elementor-element-189823f elementor-widget elementor-widget-heading\" data-id=\"189823f\" data-element_type=\"widget\" data-e-type=\"widget\" data-widget_type=\"heading.default\">\n\t\t\t\t<div class=\"elementor-widget-container\">\n\t\t\t\t\t<h1 class=\"elementor-heading-title elementor-size-default\">Pol\u00edtica de cookies<\/h1>\t\t\t\t<\/div>\n\t\t\t\t<\/div>\n\t\t\t\t\t<\/div>\n\t\t\t\t<\/div>\n\t\t\t\t\t<\/div>\n\t\t\t\t<\/div>\n\t\t<div class=\"elementor-element elementor-element-49aeadde e-flex e-con-boxed e-con e-parent\" data-id=\"49aeadde\" data-element_type=\"container\" data-e-type=\"container\">\n\t\t\t\t\t<div class=\"e-con-inner\">\n\t\t\t\t<div class=\"elementor-element elementor-element-5d1015f3 elementor-widget elementor-widget-text-editor\" data-id=\"5d1015f3\" data-element_type=\"widget\" data-e-type=\"widget\" data-widget_type=\"text-editor.default\">\n\t\t\t\t<div class=\"elementor-widget-container\">\n\t\t\t\t\t\t\t\t\t\n<p>Openvia Mobility S.L. (en adelante, la \u201cCompa\u00f1\u00eda\u201d), utiliza en la p\u00e1gina web www.slorapp.com (en adelante, el \u201cSitio Web\u201d) una tecnolog\u00eda denominada \u201ccookies\u201d.<\/p>\n\n\n\n<p>La presente pol\u00edtica de cookies tiene por finalidad informarle de manera clara y precisa sobre las cookies que se utilizan en nuestro Sitio Web.<\/p>\n\n\n\n<p>Una cookie es un fichero que se descarga en su ordenador al acceder a determinadas p\u00e1ginas web. Las cookies permiten a una p\u00e1gina web, entre otras cosas, almacenar y recuperar informaci\u00f3n sobre los h\u00e1bitos de navegaci\u00f3n de un usuario o de su equipo y, dependiendo de la informaci\u00f3n que contengan y de la forma en que utilice su equipo, pueden utilizarse para reconocer al usuario.<\/p>\n\n\n\n<p>Las cookies que la Compa\u00f1\u00eda utiliza en el Sitio Web est\u00e1n categorizadas, y m\u00e1s adelante usted podr\u00e1 leer sobre cada categor\u00eda y as\u00ed habilitar o bloquear algunas o todas las respectivas cookies. Cuando se deshabilitan categor\u00edas que previamente estaban habilitadas, todas las cookies asignadas a esa categor\u00eda ser\u00e1n eliminadas de su navegador web.<\/p>\n\n\n\n<p>Al visitar este Sitio Web pueden instalarse los siguientes tipos de cookies:<\/p>\n\n\n\n<ul>\n<li>Cookies t\u00e9cnicas: Son aqu\u00e9llas que permiten al usuario la navegaci\u00f3n a trav\u00e9s del Sitio Web y la utilizaci\u00f3n de las diferentes opciones o servicios que constan en el mismo. Por ejemplo, controlar el tr\u00e1fico y la comunicaci\u00f3n de datos, identificar la sesi\u00f3n, acceder a las partes Web de acceso restringido, recordar los elementos que integran un pedido, realizar la solicitud de inscripci\u00f3n o participaci\u00f3n en un evento, utilizar elementos de seguridad durante la navegaci\u00f3n y almacenar contenidos para la difusi\u00f3n de videos o sonido.<\/li>\n\n\n\n<li>Cookies de an\u00e1lisis: Son aqu\u00e9llas que permiten realizar el seguimiento y an\u00e1lisis del comportamiento de los usuarios en el Sitio Web. La informaci\u00f3n recogida mediante este tipo de cookies se utiliza en la medici\u00f3n de la actividad del Sitio Web y para la elaboraci\u00f3n de perfiles de navegaci\u00f3n de los usuarios de dicho sitio, con el fin de introducir mejoras en el servicio en funci\u00f3n de los datos de uso que hacen los usuarios.<\/li>\n<\/ul>\n\n\n\n<p>En particular, utilizamos cookies de Google Analytics, un servicio de an\u00e1lisis web provisto por Google, Inc. (&#8220;Google&#8221;) , 1600 Anfiteatro Parkway Mountain View, CA 94043, EE. UU. Dicho servicio emplea cookies para medir el tr\u00e1fico y las estad\u00edsticas de uso, y descubrir de qu\u00e9 manera acceden y utilizan los visitantes nuestro Sitio Web. La informaci\u00f3n generada (incluida la direcci\u00f3n IP) podr\u00e1 ser transmitida y almacenada por Google en servidores situados en Estados Unidos. No obstante, la navegaci\u00f3n por este Sitio Web no implicar\u00e1 que Google asocie su direcci\u00f3n IP con ning\u00fan otro dato del que disponga Google. Puede obtener m\u00e1s informaci\u00f3n sobre el uso que hace Google de los datos recopilados mediante Google Analytics en el siguiente enlace: https:\/\/policies.google.com\/privacy?hl=es#infocollect<\/p>\n\n\n\n<p>A continuaci\u00f3n, adjuntamos lista de las cookies de an\u00e1lisis que utiliza el presente Sitio Web:<\/p>\n\n\n\n<ul>\n<li>Cookies de an\u00e1lisis: Son aqu\u00e9llas que permiten realizar el seguimiento y an\u00e1lisis del comportamiento de los usuarios en el Sitio Web. La informaci\u00f3n recogida mediante este tipo de cookies se utiliza en la medici\u00f3n de la actividad del Sitio Web y para la elaboraci\u00f3n de perfiles de navegaci\u00f3n de los usuarios de dicho sitio, con el fin de introducir mejoras en el servicio en funci\u00f3n de los datos de uso que hacen los usuarios.<\/li>\n<\/ul>\n\n\n\n<p>A continuaci\u00f3n, adjuntamos lista de las cookies de an\u00e1lisis que utiliza el presente Sitio Web:<\/p>\n\n\n\n<figure class=\"wp-block-table\"><table><thead><tr><td>Nombre de la cookie<\/td><td>Duraci\u00f3n<\/td><td>Descripci\u00f3n<\/td><\/tr><\/thead><tbody><tr><td><strong>_gat<\/strong><\/td><td>10 minutos<\/td><td>Asociado con Google Universal Analytics, de acuerdo con la documentaci\u00f3n que se utiliza para limitar la tasa de solicitud, lo que limita la recopilaci\u00f3n de datos en sitios de alto trafico.<\/td><\/tr><tr><td><strong>_ga<\/strong><\/td><td>2 a\u00f1os<\/td><td>Asociado con Google Universal Analytics, que es una actualizaci\u00f3n significativa del servicio de an\u00e1lisis m\u00e1s utilizado por Google. Esta cookie se utiliza para distinguir usuarios \u00fanicos mediante la asignaci\u00f3n de un n\u00famero generado aleatoriamente como un indetificador de cliente. Se incluye en cada solicitud de p\u00e1gina en un sitio y se utiliza para calcular los datos de visitantes, sesiones y campa\u00f1as para los informes anal\u00edticos de los sitios.<\/td><\/tr><tr><td><strong>_gid<\/strong><\/td><td>1 d\u00eda<\/td><td>Asociado con Google Universal Analytics. Almacena y actualiza un valor \u00fanico para cada p\u00e1gina visitada.<\/td><\/tr><\/tbody><\/table><\/figure>\n\n\n\n<p>Revocaci\u00f3n y eliminaci\u00f3n de cookies:<\/p>\n\n\n\n<p>El usuario podr\u00e1 permitir, bloquear o eliminar las cookies instaladas en su equipo en cualquier momento, mediante la selecci\u00f3n de sus preferencias en el panel de configuraci\u00f3n.<\/p>\n\n\n\n<p>Asimismo el usuario puede activar:<\/p>\n\n\n\n<ul>\n<li>La navegaci\u00f3n privada, mediante la cual su navegador deja de guardar el historial de navegaci\u00f3n, contrase\u00f1as de sitios web, cookies y otra informaci\u00f3n de las p\u00e1ginas que visita, o<\/li>\n\n\n\n<li>La funci\u00f3n de no rastrear, por la que el navegador pide a los sitios web que visita que no rastreen sus h\u00e1bitos de navegaci\u00f3n, para por ejemplo, servirle publicidad de su inter\u00e9s en los sitios que visita.<\/li>\n<\/ul>\n\n\n\n<p>En caso de que el usuario decida desactivar todas las cookies, la calidad y rapidez del servicio podr\u00eda disminuir e, incluso, odr\u00eda perder el acceso a algunos de los servicios o secciones ofrecidos en el Sitio Web.<\/p>\n\n\n\n<p>Puede encontrar m\u00e1s informaci\u00f3n sobre cookies en: www.allaboutcookies.org o www.youronlinechoices.eu.<\/p>\n\t\t\t\t\t\t\t\t<\/div>\n\t\t\t\t<\/div>\n\t\t\t\t\t<\/div>\n\t\t\t\t<\/div>\n\t\t\t\t<\/div>\n\t\t","protected":false},"excerpt":{"rendered":"<p>Pol\u00edtica de cookies Openvia Mobility S.L. (en adelante, la \u201cCompa\u00f1\u00eda\u201d), utiliza en la p\u00e1gina web www.slorapp.com (en adelante, el \u201cSitio Web\u201d) una tecnolog\u00eda denominada \u201ccookies\u201d. La presente pol\u00edtica de cookies tiene por finalidad informarle de manera clara y precisa sobre las cookies que se utilizan en nuestro Sitio Web. Una cookie es un fichero que [&hellip;]<\/p>\n","protected":false},"author":1,"featured_media":0,"parent":0,"menu_order":0,"comment_status":"closed","ping_status":"closed","template":"","meta":{"footnotes":""},"class_list":["post-596","page","type-page","status-publish","hentry"],"yoast_head":"<!-- This site is optimized with the Yoast SEO plugin v27.4 - https:\/\/yoast.com\/product\/yoast-seo-wordpress\/ -->\n<title>Pol\u00edtica de cookies - Slora by Globalvia<\/title>\n<meta name=\"description\" content=\"Descubre c\u00f3mo Slora utiliza cookies para mejorar tu experiencia, analizar el tr\u00e1fico y asegurar el funcionamiento del sitio web.\" \/>\n<meta name=\"robots\" content=\"index, follow, max-snippet:-1, max-image-preview:large, max-video-preview:-1\" \/>\n<link rel=\"canonical\" href=\"https:\/\/slorapp.com\/pt-pt\/politica-de-cookies\/\" \/>\n<meta property=\"og:locale\" content=\"pt_PT\" \/>\n<meta property=\"og:type\" content=\"article\" \/>\n<meta property=\"og:title\" content=\"Pol\u00edtica de cookies - Slora by Globalvia\" \/>\n<meta property=\"og:description\" content=\"Descubre c\u00f3mo Slora utiliza cookies para mejorar tu experiencia, analizar el tr\u00e1fico y asegurar el funcionamiento del sitio web.\" \/>\n<meta property=\"og:url\" content=\"https:\/\/slorapp.com\/pt-pt\/politica-de-cookies\/\" \/>\n<meta property=\"og:site_name\" content=\"Slora by Globalvia\" \/>\n<meta property=\"article:publisher\" content=\"https:\/\/www.facebook.com\/SloraUSA\" \/>\n<meta property=\"article:modified_time\" content=\"2025-07-04T11:18:00+00:00\" \/>\n<meta property=\"og:image\" content=\"https:\/\/slorapp.com\/wp-content\/uploads\/2024\/05\/slora-logo-usa.svg\" \/>\n<meta name=\"twitter:card\" content=\"summary_large_image\" \/>\n<meta name=\"twitter:label1\" content=\"Tempo estimado de leitura\" \/>\n\t<meta name=\"twitter:data1\" content=\"5 minutos\" \/>\n<script type=\"application\/ld+json\" class=\"yoast-schema-graph\">{\"@context\":\"https:\\\/\\\/schema.org\",\"@graph\":[{\"@type\":\"WebPage\",\"@id\":\"https:\\\/\\\/slorapp.com\\\/pt-pt\\\/politica-de-cookies\\\/\",\"url\":\"https:\\\/\\\/slorapp.com\\\/pt-pt\\\/politica-de-cookies\\\/\",\"name\":\"Pol\u00edtica de cookies - Slora by Globalvia\",\"isPartOf\":{\"@id\":\"https:\\\/\\\/slorapp.com\\\/#website\"},\"primaryImageOfPage\":{\"@id\":\"https:\\\/\\\/slorapp.com\\\/pt-pt\\\/politica-de-cookies\\\/#primaryimage\"},\"image\":{\"@id\":\"https:\\\/\\\/slorapp.com\\\/pt-pt\\\/politica-de-cookies\\\/#primaryimage\"},\"thumbnailUrl\":\"https:\\\/\\\/slorapp.com\\\/wp-content\\\/uploads\\\/2024\\\/05\\\/slora-logo-usa.svg\",\"datePublished\":\"2024-02-15T09:27:49+00:00\",\"dateModified\":\"2025-07-04T11:18:00+00:00\",\"description\":\"Descubre c\u00f3mo Slora utiliza cookies para mejorar tu experiencia, analizar el tr\u00e1fico y asegurar el funcionamiento del sitio web.\",\"breadcrumb\":{\"@id\":\"https:\\\/\\\/slorapp.com\\\/pt-pt\\\/politica-de-cookies\\\/#breadcrumb\"},\"inLanguage\":\"pt-PT\",\"potentialAction\":[{\"@type\":\"ReadAction\",\"target\":[\"https:\\\/\\\/slorapp.com\\\/pt-pt\\\/politica-de-cookies\\\/\"]}]},{\"@type\":\"ImageObject\",\"inLanguage\":\"pt-PT\",\"@id\":\"https:\\\/\\\/slorapp.com\\\/pt-pt\\\/politica-de-cookies\\\/#primaryimage\",\"url\":\"https:\\\/\\\/slorapp.com\\\/wp-content\\\/uploads\\\/2024\\\/05\\\/slora-logo-usa.svg\",\"contentUrl\":\"https:\\\/\\\/slorapp.com\\\/wp-content\\\/uploads\\\/2024\\\/05\\\/slora-logo-usa.svg\"},{\"@type\":\"BreadcrumbList\",\"@id\":\"https:\\\/\\\/slorapp.com\\\/pt-pt\\\/politica-de-cookies\\\/#breadcrumb\",\"itemListElement\":[{\"@type\":\"ListItem\",\"position\":1,\"name\":\"Portada\",\"item\":\"https:\\\/\\\/slorapp.com\\\/pt-pt\\\/\"},{\"@type\":\"ListItem\",\"position\":2,\"name\":\"Pol\u00edtica de cookies\"}]},{\"@type\":\"WebSite\",\"@id\":\"https:\\\/\\\/slorapp.com\\\/#website\",\"url\":\"https:\\\/\\\/slorapp.com\\\/\",\"name\":\"Slora by Globalvia\",\"description\":\"La app m\u00f3vil para el pago de peajes | Never Stop Moving\",\"publisher\":{\"@id\":\"https:\\\/\\\/slorapp.com\\\/#organization\"},\"potentialAction\":[{\"@type\":\"SearchAction\",\"target\":{\"@type\":\"EntryPoint\",\"urlTemplate\":\"https:\\\/\\\/slorapp.com\\\/?s={search_term_string}\"},\"query-input\":{\"@type\":\"PropertyValueSpecification\",\"valueRequired\":true,\"valueName\":\"search_term_string\"}}],\"inLanguage\":\"pt-PT\"},{\"@type\":\"Organization\",\"@id\":\"https:\\\/\\\/slorapp.com\\\/#organization\",\"name\":\"Slora by Globalvia\",\"url\":\"https:\\\/\\\/slorapp.com\\\/\",\"logo\":{\"@type\":\"ImageObject\",\"inLanguage\":\"pt-PT\",\"@id\":\"https:\\\/\\\/slorapp.com\\\/#\\\/schema\\\/logo\\\/image\\\/\",\"url\":\"https:\\\/\\\/slorapp.com\\\/wp-content\\\/uploads\\\/2024\\\/02\\\/slora-logo-usa.svg\",\"contentUrl\":\"https:\\\/\\\/slorapp.com\\\/wp-content\\\/uploads\\\/2024\\\/02\\\/slora-logo-usa.svg\",\"width\":192,\"height\":112,\"caption\":\"Slora by Globalvia\"},\"image\":{\"@id\":\"https:\\\/\\\/slorapp.com\\\/#\\\/schema\\\/logo\\\/image\\\/\"},\"sameAs\":[\"https:\\\/\\\/www.facebook.com\\\/SloraUSA\"]}]}<\/script>\n<!-- \/ Yoast SEO plugin. -->","yoast_head_json":{"title":"Pol\u00edtica de cookies - Slora by Globalvia","description":"Descubre c\u00f3mo Slora utiliza cookies para mejorar tu experiencia, analizar el tr\u00e1fico y asegurar el funcionamiento del sitio web.","robots":{"index":"index","follow":"follow","max-snippet":"max-snippet:-1","max-image-preview":"max-image-preview:large","max-video-preview":"max-video-preview:-1"},"canonical":"https:\/\/slorapp.com\/pt-pt\/politica-de-cookies\/","og_locale":"pt_PT","og_type":"article","og_title":"Pol\u00edtica de cookies - Slora by Globalvia","og_description":"Descubre c\u00f3mo Slora utiliza cookies para mejorar tu experiencia, analizar el tr\u00e1fico y asegurar el funcionamiento del sitio web.","og_url":"https:\/\/slorapp.com\/pt-pt\/politica-de-cookies\/","og_site_name":"Slora by Globalvia","article_publisher":"https:\/\/www.facebook.com\/SloraUSA","article_modified_time":"2025-07-04T11:18:00+00:00","og_image":[{"url":"https:\/\/slorapp.com\/wp-content\/uploads\/2024\/05\/slora-logo-usa.svg","type":"","width":"","height":""}],"twitter_card":"summary_large_image","twitter_misc":{"Tempo estimado de leitura":"5 minutos"},"schema":{"@context":"https:\/\/schema.org","@graph":[{"@type":"WebPage","@id":"https:\/\/slorapp.com\/pt-pt\/politica-de-cookies\/","url":"https:\/\/slorapp.com\/pt-pt\/politica-de-cookies\/","name":"Pol\u00edtica de cookies - Slora by Globalvia","isPartOf":{"@id":"https:\/\/slorapp.com\/#website"},"primaryImageOfPage":{"@id":"https:\/\/slorapp.com\/pt-pt\/politica-de-cookies\/#primaryimage"},"image":{"@id":"https:\/\/slorapp.com\/pt-pt\/politica-de-cookies\/#primaryimage"},"thumbnailUrl":"https:\/\/slorapp.com\/wp-content\/uploads\/2024\/05\/slora-logo-usa.svg","datePublished":"2024-02-15T09:27:49+00:00","dateModified":"2025-07-04T11:18:00+00:00","description":"Descubre c\u00f3mo Slora utiliza cookies para mejorar tu experiencia, analizar el tr\u00e1fico y asegurar el funcionamiento del sitio web.","breadcrumb":{"@id":"https:\/\/slorapp.com\/pt-pt\/politica-de-cookies\/#breadcrumb"},"inLanguage":"pt-PT","potentialAction":[{"@type":"ReadAction","target":["https:\/\/slorapp.com\/pt-pt\/politica-de-cookies\/"]}]},{"@type":"ImageObject","inLanguage":"pt-PT","@id":"https:\/\/slorapp.com\/pt-pt\/politica-de-cookies\/#primaryimage","url":"https:\/\/slorapp.com\/wp-content\/uploads\/2024\/05\/slora-logo-usa.svg","contentUrl":"https:\/\/slorapp.com\/wp-content\/uploads\/2024\/05\/slora-logo-usa.svg"},{"@type":"BreadcrumbList","@id":"https:\/\/slorapp.com\/pt-pt\/politica-de-cookies\/#breadcrumb","itemListElement":[{"@type":"ListItem","position":1,"name":"Portada","item":"https:\/\/slorapp.com\/pt-pt\/"},{"@type":"ListItem","position":2,"name":"Pol\u00edtica de cookies"}]},{"@type":"WebSite","@id":"https:\/\/slorapp.com\/#website","url":"https:\/\/slorapp.com\/","name":"Slora by Globalvia","description":"La app m\u00f3vil para el pago de peajes | Never Stop Moving","publisher":{"@id":"https:\/\/slorapp.com\/#organization"},"potentialAction":[{"@type":"SearchAction","target":{"@type":"EntryPoint","urlTemplate":"https:\/\/slorapp.com\/?s={search_term_string}"},"query-input":{"@type":"PropertyValueSpecification","valueRequired":true,"valueName":"search_term_string"}}],"inLanguage":"pt-PT"},{"@type":"Organization","@id":"https:\/\/slorapp.com\/#organization","name":"Slora by Globalvia","url":"https:\/\/slorapp.com\/","logo":{"@type":"ImageObject","inLanguage":"pt-PT","@id":"https:\/\/slorapp.com\/#\/schema\/logo\/image\/","url":"https:\/\/slorapp.com\/wp-content\/uploads\/2024\/02\/slora-logo-usa.svg","contentUrl":"https:\/\/slorapp.com\/wp-content\/uploads\/2024\/02\/slora-logo-usa.svg","width":192,"height":112,"caption":"Slora by Globalvia"},"image":{"@id":"https:\/\/slorapp.com\/#\/schema\/logo\/image\/"},"sameAs":["https:\/\/www.facebook.com\/SloraUSA"]}]}},"_links":{"self":[{"href":"https:\/\/slorapp.com\/pt-pt\/wp-json\/wp\/v2\/pages\/596","targetHints":{"allow":["GET"]}}],"collection":[{"href":"https:\/\/slorapp.com\/pt-pt\/wp-json\/wp\/v2\/pages"}],"about":[{"href":"https:\/\/slorapp.com\/pt-pt\/wp-json\/wp\/v2\/types\/page"}],"author":[{"embeddable":true,"href":"https:\/\/slorapp.com\/pt-pt\/wp-json\/wp\/v2\/users\/1"}],"replies":[{"embeddable":true,"href":"https:\/\/slorapp.com\/pt-pt\/wp-json\/wp\/v2\/comments?post=596"}],"version-history":[{"count":10,"href":"https:\/\/slorapp.com\/pt-pt\/wp-json\/wp\/v2\/pages\/596\/revisions"}],"predecessor-version":[{"id":1373,"href":"https:\/\/slorapp.com\/pt-pt\/wp-json\/wp\/v2\/pages\/596\/revisions\/1373"}],"wp:attachment":[{"href":"https:\/\/slorapp.com\/pt-pt\/wp-json\/wp\/v2\/media?parent=596"}],"curies":[{"name":"wp","href":"https:\/\/api.w.org\/{rel}","templated":true}]}}